{"id":150,"date":"2017-09-04T22:35:40","date_gmt":"2017-09-04T20:35:40","guid":{"rendered":"http:\/\/127.0.0.1\/pureit\/izp\/?page_id=150"},"modified":"2017-09-04T22:35:40","modified_gmt":"2017-09-04T20:35:40","slug":"england","status":"publish","type":"page","link":"https:\/\/www.izp-internat.com\/en\/schulsysteme\/england\/","title":{"rendered":"England"},"content":{"rendered":"<div class=\"wpb-content-wrapper\"><p>[vc_row][vc_column][vc_column_text]<\/p>\n<h1>England<\/h1>\n<p>[\/vc_column_text][\/vc_column][\/vc_row][vc_row][vc_column][vc_column_text]<\/p>\n<h2>A-Level (Advanced Level)<\/h2>\n<p>[\/vc_column_text][\/vc_column][\/vc_row][vc_row][vc_column][vc_column_text]Im klassischen englischen Schulsystem wird die Schullaufbahn mit den A-Level Pr\u00fcfungen abgeschlossen. Das entspricht einem Fachabitur. Die A-Levelkurse in England entsprechen den Leistungskursen der Oberstufe. In der Regel belegt man im vorletzten Jahr vier F\u00e4cher und im letzten sogar nur noch drei (gegen\u00fcber bis zu 12 bei uns).<\/p>\n<p>Die geringe Anzahl an F\u00e4chern hat einen Grund. Das englische System will vor allem St\u00e4rken weiter entwickeln. Und St\u00e4rken hat man selten in zw\u00f6lf F\u00e4chern. Damit kommt dieses Schulsystem Sch\u00fclern sehr entgegen, die in einem Bereich besonders talentiert sind, oder denen, die schon fr\u00fch wissen, welchen Beruf oder welches Studium sie einmal einschlagen werden.<\/p>\n<p>Im englischen Schulsystem muss sich ein passionierter Naturwissenschaftler nicht mehr mit Gedichtinterpretationen herumschlagen und wer Literatur liebt, wird nicht mehr mit h\u00f6herer Mathematik oder physikalischen Formeln traktiert.<\/p>\n<p>\u00d6sterreichische und deutsche Sch\u00fcler m\u00fcssen beachten: Die A-Levels werden hier als fachgebundene Hochschulreife anerkannt; somit stehen auch die \u00f6sterreichischen und deutschen Universit\u00e4ten grunds\u00e4tzlich offen.[\/vc_column_text][\/vc_column][\/vc_row][vc_row][vc_column][vc_column_text]<\/p>\n<h2>IB (International Baccalaureate)<\/h2>\n<p>[\/vc_column_text][\/vc_column][\/vc_row][vc_row][vc_column][vc_column_text]Immer mehr Internate in England bieten eine weitere Alternative an, das International Baccalaureate (IB)<\/p>\n<p>Das IB auf einem Internat in England ist eine ideale Kombination. Hier sind angels\u00e4chsisches Curriculum und die Humboldt\u2019sche Tradition des &#8220;Studium generale&#8221; vereint. Das garantiert weltweite Anerkennung.\u00a0 Wichtig ist: Die F\u00e4cherauswahl muss stimmen. Dazu beraten wir Sie gerne.<\/p>\n<p>Selbst die Elite-Universit\u00e4ten favorisieren inzwischen das IB. Es ist anspruchsvoller und bietet die breitere Bildung: Es besteht aus sechs akademischen F\u00e4chern und\u00a0 ein \u00fcbergreifender Kurs &#8220;Theory of Knowledge&#8221;. Die Ausbildung wird erg\u00e4nzt durch die Verpflichtung zu gemeinn\u00fctziger Arbeit im sozialen Bereich. Es ist ein anspruchsvolles Programm, das sich auf einem Internat ideal realisieren l\u00e4sst.\u00a0 IB-Absolventen werden inzwischen weltweit an Universit\u00e4ten und auf dem Jobmarkt hoch gesch\u00e4tzt.<\/p>\n<p>Grund genug, dass die Sorbonne, Oxford,\u00a0Cambridge\u00a0und Harvard zu den ersten Universit\u00e4ten geh\u00f6rten, die das IB anerkannt haben. Mit einem IB ist man gut aufgestellt.[\/vc_column_text][\/vc_column][\/vc_row]<\/p>\n<\/div>","protected":false},"excerpt":{"rendered":"<p>[vc_row][vc_column][vc_column_text] England [\/vc_column_text][\/vc_column][\/vc_row][vc_row][vc_column][vc_column_text] A-Level (Advanced Level) [\/vc_column_text][\/vc_column][\/vc_row][vc_row][vc_column][vc_column_text]Im klassischen englischen Schulsystem wird die Schullaufbahn mit den A-Level Pr\u00fcfungen abgeschlossen. Das entspricht einem Fachabitur. Die A-Levelkurse in England entsprechen den Leistungskursen der Oberstufe. In der Regel belegt man im vorletzten Jahr vier F\u00e4cher und im letzten sogar nur noch drei (gegen\u00fcber bis zu 12 bei uns). Die geringe Anzahl an F\u00e4chern hat einen Grund. Das englische System will vor allem St\u00e4rken weiter entwickeln. Und St\u00e4rken hat man selten in zw\u00f6lf F\u00e4chern. Damit&hellip;<\/p>\n","protected":false},"author":3,"featured_media":0,"parent":42,"menu_order":0,"comment_status":"closed","ping_status":"closed","template":"","meta":{"footnotes":""},"class_list":["post-150","page","type-page","status-publish","hentry"],"_links":{"self":[{"href":"https:\/\/www.izp-internat.com\/en\/wp-json\/wp\/v2\/pages\/150","targetHints":{"allow":["GET"]}}],"collection":[{"href":"https:\/\/www.izp-internat.com\/en\/wp-json\/wp\/v2\/pages"}],"about":[{"href":"https:\/\/www.izp-internat.com\/en\/wp-json\/wp\/v2\/types\/page"}],"author":[{"embeddable":true,"href":"https:\/\/www.izp-internat.com\/en\/wp-json\/wp\/v2\/users\/3"}],"replies":[{"embeddable":true,"href":"https:\/\/www.izp-internat.com\/en\/wp-json\/wp\/v2\/comments?post=150"}],"version-history":[{"count":0,"href":"https:\/\/www.izp-internat.com\/en\/wp-json\/wp\/v2\/pages\/150\/revisions"}],"up":[{"embeddable":true,"href":"https:\/\/www.izp-internat.com\/en\/wp-json\/wp\/v2\/pages\/42"}],"wp:attachment":[{"href":"https:\/\/www.izp-internat.com\/en\/wp-json\/wp\/v2\/media?parent=150"}],"curies":[{"name":"wp","href":"https:\/\/api.w.org\/{rel}","templated":true}]}}