{"id":152,"date":"2017-09-04T22:35:57","date_gmt":"2017-09-04T20:35:57","guid":{"rendered":"http:\/\/127.0.0.1\/pureit\/izp\/?page_id=152"},"modified":"2017-09-04T22:35:57","modified_gmt":"2017-09-04T20:35:57","slug":"oesterreich","status":"publish","type":"page","link":"https:\/\/www.izp-internat.com\/en\/schulsysteme\/oesterreich\/","title":{"rendered":"\u00d6sterreich"},"content":{"rendered":"<div class=\"wpb-content-wrapper\"><p>[vc_row][vc_column][vc_column_text]<\/p>\n<h1>\u00d6sterreich<\/h1>\n<p>[\/vc_column_text][\/vc_column][\/vc_row][vc_row][vc_column][vc_column_text]In \u00d6sterreich wird ein absolviertes Schuljahr in\u00a0 England oder Irland in der Regel als regul\u00e4res Schuljahr anerkannt.\u00a0 Wenn man nach einem Jahr im Ausland die Matura in \u00d6sterreich machen m\u00f6chte, sollte der Auslandsaufenthalt vorher mit der \u00f6sterreichischen Schule besprochen und abgestimmt werden.<\/p>\n<p>Der ideale Zeitpunkt f\u00fcr einen England- oder Irlandaufenthalt ist im \u00f6sterreichischen Schulsystem die 6. Klasse Gymnasium.[\/vc_column_text][\/vc_column][\/vc_row]<\/p>\n<\/div>","protected":false},"excerpt":{"rendered":"<p>[vc_row][vc_column][vc_column_text] \u00d6sterreich [\/vc_column_text][\/vc_column][\/vc_row][vc_row][vc_column][vc_column_text]In \u00d6sterreich wird ein absolviertes Schuljahr in\u00a0 England oder Irland in der Regel als regul\u00e4res Schuljahr anerkannt.\u00a0 Wenn man nach einem Jahr im Ausland die Matura in \u00d6sterreich machen m\u00f6chte, sollte der Auslandsaufenthalt vorher mit der \u00f6sterreichischen Schule besprochen und abgestimmt werden. Der ideale Zeitpunkt f\u00fcr einen England- oder Irlandaufenthalt ist im \u00f6sterreichischen Schulsystem die 6. Klasse Gymnasium.[\/vc_column_text][\/vc_column][\/vc_row]<\/p>\n","protected":false},"author":3,"featured_media":0,"parent":42,"menu_order":0,"comment_status":"closed","ping_status":"closed","template":"","meta":{"footnotes":""},"class_list":["post-152","page","type-page","status-publish","hentry"],"_links":{"self":[{"href":"https:\/\/www.izp-internat.com\/en\/wp-json\/wp\/v2\/pages\/152","targetHints":{"allow":["GET"]}}],"collection":[{"href":"https:\/\/www.izp-internat.com\/en\/wp-json\/wp\/v2\/pages"}],"about":[{"href":"https:\/\/www.izp-internat.com\/en\/wp-json\/wp\/v2\/types\/page"}],"author":[{"embeddable":true,"href":"https:\/\/www.izp-internat.com\/en\/wp-json\/wp\/v2\/users\/3"}],"replies":[{"embeddable":true,"href":"https:\/\/www.izp-internat.com\/en\/wp-json\/wp\/v2\/comments?post=152"}],"version-history":[{"count":0,"href":"https:\/\/www.izp-internat.com\/en\/wp-json\/wp\/v2\/pages\/152\/revisions"}],"up":[{"embeddable":true,"href":"https:\/\/www.izp-internat.com\/en\/wp-json\/wp\/v2\/pages\/42"}],"wp:attachment":[{"href":"https:\/\/www.izp-internat.com\/en\/wp-json\/wp\/v2\/media?parent=152"}],"curies":[{"name":"wp","href":"https:\/\/api.w.org\/{rel}","templated":true}]}}