{"id":154,"date":"2017-09-04T22:36:25","date_gmt":"2017-09-04T20:36:25","guid":{"rendered":"http:\/\/127.0.0.1\/pureit\/izp\/?page_id=154"},"modified":"2017-09-04T22:36:25","modified_gmt":"2017-09-04T20:36:25","slug":"deutschland","status":"publish","type":"page","link":"https:\/\/www.izp-internat.com\/en\/schulsysteme\/deutschland\/","title":{"rendered":"Deutschland"},"content":{"rendered":"<div class=\"wpb-content-wrapper\"><p>[vc_row][vc_column][vc_column_text]<\/p>\n<h1>Deutschland<\/h1>\n<p>[\/vc_column_text][\/vc_column][\/vc_row][vc_row][vc_column][vc_column_text]Welche F\u00e4cher man auf einem Internat in England belegen und was man beachten muss, um in Deutschland studieren zu k\u00f6nnen, dazu beraten wir Sie gerne.<\/p>\n<p>Ein Schulbesuch in England oder Irland muss, wenn eine R\u00fcckkehr ins deutsche System geplant ist, genau mit der Schule abgesprochen werden. Immer mehr Schulen bef\u00fcrworten ein Auslandsjahr.<\/p>\n<p>Im G9 ist der ideale Zeitpunkt f\u00fcr ein Jahr im Ausland die 11. Klasse.[\/vc_column_text][\/vc_column][\/vc_row]<\/p>\n<\/div>","protected":false},"excerpt":{"rendered":"<p>[vc_row][vc_column][vc_column_text] Deutschland [\/vc_column_text][\/vc_column][\/vc_row][vc_row][vc_column][vc_column_text]Welche F\u00e4cher man auf einem Internat in England belegen und was man beachten muss, um in Deutschland studieren zu k\u00f6nnen, dazu beraten wir Sie gerne. Ein Schulbesuch in England oder Irland muss, wenn eine R\u00fcckkehr ins deutsche System geplant ist, genau mit der Schule abgesprochen werden. Immer mehr Schulen bef\u00fcrworten ein Auslandsjahr. Im G9 ist der ideale Zeitpunkt f\u00fcr ein Jahr im Ausland die 11. Klasse.[\/vc_column_text][\/vc_column][\/vc_row]<\/p>\n","protected":false},"author":3,"featured_media":0,"parent":42,"menu_order":0,"comment_status":"closed","ping_status":"closed","template":"","meta":{"footnotes":""},"class_list":["post-154","page","type-page","status-publish","hentry"],"_links":{"self":[{"href":"https:\/\/www.izp-internat.com\/en\/wp-json\/wp\/v2\/pages\/154","targetHints":{"allow":["GET"]}}],"collection":[{"href":"https:\/\/www.izp-internat.com\/en\/wp-json\/wp\/v2\/pages"}],"about":[{"href":"https:\/\/www.izp-internat.com\/en\/wp-json\/wp\/v2\/types\/page"}],"author":[{"embeddable":true,"href":"https:\/\/www.izp-internat.com\/en\/wp-json\/wp\/v2\/users\/3"}],"replies":[{"embeddable":true,"href":"https:\/\/www.izp-internat.com\/en\/wp-json\/wp\/v2\/comments?post=154"}],"version-history":[{"count":0,"href":"https:\/\/www.izp-internat.com\/en\/wp-json\/wp\/v2\/pages\/154\/revisions"}],"up":[{"embeddable":true,"href":"https:\/\/www.izp-internat.com\/en\/wp-json\/wp\/v2\/pages\/42"}],"wp:attachment":[{"href":"https:\/\/www.izp-internat.com\/en\/wp-json\/wp\/v2\/media?parent=154"}],"curies":[{"name":"wp","href":"https:\/\/api.w.org\/{rel}","templated":true}]}}