{"id":203,"date":"2017-09-05T20:36:27","date_gmt":"2017-09-05T18:36:27","guid":{"rendered":"http:\/\/127.0.0.1\/pureit\/izp\/?page_id=203"},"modified":"2024-06-15T15:21:07","modified_gmt":"2024-06-15T13:21:07","slug":"agb","status":"publish","type":"page","link":"https:\/\/www.izp-internat.com\/en\/agb\/","title":{"rendered":"AGB"},"content":{"rendered":"<div class=\"wpb-content-wrapper\"><p>[vc_row][vc_column][vc_column_text]<\/p>\n<h1>Allgemeine Gesch\u00e4ftsbedingungen (AGB)<\/h1>\n<p>Hiermit stimme ich zu, dass die IzP Internatsberatung die pers\u00f6nlichen Daten meines Kindes f\u00fcr die Beratung und die Vermittlung einer Schule nutzen und auch an die Schule weitergeben darf.<\/p>\n<p>Mir ist bekannt, dass f\u00fcr die Beratung eine Beratungsgeb\u00fchr von 180,-\u20ac anf\u00e4llt, die mir im Anschluss von der IzP Internatsberatung in Rechnung gestellt wird. Zus\u00e4tzlich kann auch eine Placementfee von 1.000\u20ac f\u00fcr manche Schulen bei Vertragssabschluss anfallen.<\/p>\n<p>[\/vc_column_text][\/vc_column][\/vc_row]<\/p>\n<\/div>","protected":false},"excerpt":{"rendered":"<p>[vc_row][vc_column][vc_column_text] Allgemeine Gesch\u00e4ftsbedingungen (AGB) Hiermit stimme ich zu, dass die IzP Internatsberatung die pers\u00f6nlichen Daten meines Kindes f\u00fcr die Beratung und die Vermittlung einer Schule nutzen und auch an die Schule weitergeben darf. Mir ist bekannt, dass f\u00fcr die Beratung eine Beratungsgeb\u00fchr von 180,-\u20ac anf\u00e4llt, die mir im Anschluss von der IzP Internatsberatung in Rechnung gestellt wird. Zus\u00e4tzlich kann auch eine Placementfee von 1.000\u20ac f\u00fcr manche Schulen bei Vertragssabschluss anfallen. [\/vc_column_text][\/vc_column][\/vc_row]<\/p>\n","protected":false},"author":3,"featured_media":0,"parent":0,"menu_order":0,"comment_status":"closed","ping_status":"closed","template":"","meta":{"footnotes":""},"class_list":["post-203","page","type-page","status-publish","hentry"],"_links":{"self":[{"href":"https:\/\/www.izp-internat.com\/en\/wp-json\/wp\/v2\/pages\/203","targetHints":{"allow":["GET"]}}],"collection":[{"href":"https:\/\/www.izp-internat.com\/en\/wp-json\/wp\/v2\/pages"}],"about":[{"href":"https:\/\/www.izp-internat.com\/en\/wp-json\/wp\/v2\/types\/page"}],"author":[{"embeddable":true,"href":"https:\/\/www.izp-internat.com\/en\/wp-json\/wp\/v2\/users\/3"}],"replies":[{"embeddable":true,"href":"https:\/\/www.izp-internat.com\/en\/wp-json\/wp\/v2\/comments?post=203"}],"version-history":[{"count":3,"href":"https:\/\/www.izp-internat.com\/en\/wp-json\/wp\/v2\/pages\/203\/revisions"}],"predecessor-version":[{"id":620,"href":"https:\/\/www.izp-internat.com\/en\/wp-json\/wp\/v2\/pages\/203\/revisions\/620"}],"wp:attachment":[{"href":"https:\/\/www.izp-internat.com\/en\/wp-json\/wp\/v2\/media?parent=203"}],"curies":[{"name":"wp","href":"https:\/\/api.w.org\/{rel}","templated":true}]}}