{"id":44,"date":"2017-08-29T19:22:55","date_gmt":"2017-08-29T17:22:55","guid":{"rendered":"http:\/\/127.0.0.1\/pureit\/izp\/?page_id=44"},"modified":"2017-08-29T19:22:55","modified_gmt":"2017-08-29T17:22:55","slug":"irland","status":"publish","type":"page","link":"https:\/\/www.izp-internat.com\/en\/schulsysteme\/irland\/","title":{"rendered":"Irland"},"content":{"rendered":"<div class=\"wpb-content-wrapper\"><p>[vc_row][vc_column][vc_column_text]<\/p>\n<h1>Irland<\/h1>\n<p>[\/vc_column_text][\/vc_column][\/vc_row][vc_row][vc_column][vc_column_text]<\/p>\n<h2>Leaving Certificate<\/h2>\n<p>[\/vc_column_text][\/vc_column][\/vc_row][vc_row][vc_column][vc_column_text]Das \u201eLeaving Certificate\u201c ist \u00e4hnlich der Matura oder dem Abitur, der Abschluss im traditionellen irischen Schulsystem.<\/p>\n<p>Die meisten Schulen bieten eine gro\u00dfe Anzahl von F\u00e4chern an, nur Mathematik und Englisch sind Pflichtf\u00e4cher als Grundkurs (=<em>\u201eFoundation\u201c<\/em>). Im irischen System werde die restlichen F\u00e4cher auf zwei Ebenen angeboten: <em>Higher<\/em> (=Leistungskurs) und <em>Ordinary<\/em> (=Erweiterungskurs).<\/p>\n<p>Zun\u00e4chst gibt es im traditionellen irischen Schulsystem das \u201eTransition Year\u201c, das vor allem der Orientierung der Sch\u00fcler dient. Nach diesem Jahr m\u00fcssen die Sch\u00fcler mindestens 6 F\u00e4cher w\u00e4hlen und bestimmen auf welcher Ebene sie diese anschlie\u00dfen wollen. In diesen F\u00e4chern folgt nach 2 Jahren Vorbereitung der Abschluss mit dem \u201eLeaving Certificate\u201c.[\/vc_column_text][\/vc_column][\/vc_row][vc_row][vc_column][vc_column_text]<\/p>\n<h2>IB (International Baccalaureate)<\/h2>\n<p>[\/vc_column_text][\/vc_column][\/vc_row][vc_row][vc_column][vc_column_text]In Irland wird grunds\u00e4tzlich eine Ausbildung mit dem IB-Abschluss angeboten.<\/p>\n<p>Das IB auf einem Internat in Irland ist eine ideale Kombination. Hier sind angels\u00e4chsisches Curriculum und die Humboldt\u2019sche Tradition des &#8220;Studium generale&#8221; vereint. Das garantiert weltweite Anerkennung.\u00a0 Wichtig ist: Die F\u00e4cherauswahl muss stimmen. Dazu beraten wir Sie gerne.<\/p>\n<p>Selbst die Elite-Universit\u00e4ten favorisieren inzwischen das IB. Es ist anspruchsvoller und bietet die breitere Bildung: Es besteht aus sechs akademischen F\u00e4chern und\u00a0 ein \u00fcbergreifender Kurs &#8220;Theory of Knowledge&#8221;. Die Ausbildung wird erg\u00e4nzt durch die Verpflichtung zu gemeinn\u00fctziger Arbeit im sozialen Bereich. Es ist ein anspruchsvolles Programm, das sich auf einem Internat ideal realisieren l\u00e4sst.\u00a0 IB-Absolventen werden inzwischen weltweit an Universit\u00e4ten und auf dem Jobmarkt hoch gesch\u00e4tzt.<\/p>\n<p>Grund genug, dass die Sorbonne, Oxford,\u00a0Cambridge\u00a0und Harvard zu den ersten Universit\u00e4ten geh\u00f6rten, die das IB anerkannt haben. Mit einem IB erwirbt man eine renommierte und anerkannte Qualifikation.[\/vc_column_text][\/vc_column][\/vc_row]<\/p>\n<\/div>","protected":false},"excerpt":{"rendered":"<p>[vc_row][vc_column][vc_column_text] Irland [\/vc_column_text][\/vc_column][\/vc_row][vc_row][vc_column][vc_column_text] Leaving Certificate [\/vc_column_text][\/vc_column][\/vc_row][vc_row][vc_column][vc_column_text]Das \u201eLeaving Certificate\u201c ist \u00e4hnlich der Matura oder dem Abitur, der Abschluss im traditionellen irischen Schulsystem. Die meisten Schulen bieten eine gro\u00dfe Anzahl von F\u00e4chern an, nur Mathematik und Englisch sind Pflichtf\u00e4cher als Grundkurs (=\u201eFoundation\u201c). Im irischen System werde die restlichen F\u00e4cher auf zwei Ebenen angeboten: Higher (=Leistungskurs) und Ordinary (=Erweiterungskurs). Zun\u00e4chst gibt es im traditionellen irischen Schulsystem das \u201eTransition Year\u201c, das vor allem der Orientierung der Sch\u00fcler dient. Nach diesem Jahr m\u00fcssen die Sch\u00fcler&hellip;<\/p>\n","protected":false},"author":3,"featured_media":0,"parent":42,"menu_order":0,"comment_status":"closed","ping_status":"closed","template":"","meta":{"footnotes":""},"class_list":["post-44","page","type-page","status-publish","hentry"],"_links":{"self":[{"href":"https:\/\/www.izp-internat.com\/en\/wp-json\/wp\/v2\/pages\/44","targetHints":{"allow":["GET"]}}],"collection":[{"href":"https:\/\/www.izp-internat.com\/en\/wp-json\/wp\/v2\/pages"}],"about":[{"href":"https:\/\/www.izp-internat.com\/en\/wp-json\/wp\/v2\/types\/page"}],"author":[{"embeddable":true,"href":"https:\/\/www.izp-internat.com\/en\/wp-json\/wp\/v2\/users\/3"}],"replies":[{"embeddable":true,"href":"https:\/\/www.izp-internat.com\/en\/wp-json\/wp\/v2\/comments?post=44"}],"version-history":[{"count":0,"href":"https:\/\/www.izp-internat.com\/en\/wp-json\/wp\/v2\/pages\/44\/revisions"}],"up":[{"embeddable":true,"href":"https:\/\/www.izp-internat.com\/en\/wp-json\/wp\/v2\/pages\/42"}],"wp:attachment":[{"href":"https:\/\/www.izp-internat.com\/en\/wp-json\/wp\/v2\/media?parent=44"}],"curies":[{"name":"wp","href":"https:\/\/api.w.org\/{rel}","templated":true}]}}